{"id":577,"date":"2021-11-24T15:13:31","date_gmt":"2021-11-24T20:13:31","guid":{"rendered":"https:\/\/www.clermont.edu.co\/?page_id=577"},"modified":"2026-04-21T14:04:45","modified_gmt":"2026-04-21T19:04:45","slug":"admisiones","status":"publish","type":"page","link":"https:\/\/www.clermont.edu.co\/index.php\/admisiones\/","title":{"rendered":"Admisiones"},"content":{"rendered":"\t\t<div data-elementor-type=\"wp-post\" data-elementor-id=\"577\" class=\"elementor elementor-577\">\n\t\t\t\t\t\t<section class=\"elementor-section elementor-top-section elementor-element elementor-element-7ea0546 elementor-section-full_width elementor-section-height-default elementor-section-height-default\" data-id=\"7ea0546\" data-element_type=\"section\" data-settings=\"{&quot;background_background&quot;:&quot;classic&quot;}\">\n\t\t\t\t\t\t<div class=\"elementor-container elementor-column-gap-no\">\n\t\t\t\t\t<div class=\"elementor-column elementor-col-100 elementor-top-column elementor-element elementor-element-856e857\" data-id=\"856e857\" data-element_type=\"column\">\n\t\t\t<div class=\"elementor-widget-wrap elementor-element-populated\">\n\t\t\t\t\t\t<div class=\"elementor-element elementor-element-2aa519c elementor-widget elementor-widget-playstone-promo-offer\" data-id=\"2aa519c\" data-element_type=\"widget\" data-widget_type=\"playstone-promo-offer.default\">\n\t\t\t\t<div class=\"elementor-widget-container\">\n\t\t\t\t\t\t\t\r\n\t\t<!-- START PROMOTION -->\t\r\n\t\t<section class=\"promotional_offer\">\t\t\t\r\n\t\t\t<div class=\"container\">\r\n\t\t\t\t<div class=\"row text-center\">\r\n\t\t\t\t\t<div class=\"col-md-10 col-md-offset-1 col-sm-12 col-xs-12\">\r\n\t\t\t\t\t\t<div class=\"single_offer\">\r\n\t\t\t\t\t\t\t<h4><\/h4>\r\n\t\t\t\t\t\t\t<h1>#AprendiendoFelices<\/h1>\r\n\t\t\t\t\t\t\t\t\t\t\t\t\t\t\t\t\t\t\t\t<\/div>\r\n\t\t\t\t\t<\/div><!-- END COL -->\t\r\n\t\t\t\t<\/div><!-- END ROW -->\r\n\t\t\t<\/div><!-- END CONTAINER -->\t\t\t\r\n\t\t<\/section>\r\n\t\t<!-- END PROMOTION -->\r\n\t\t\r\n\t\t\t\t\t<\/div>\n\t\t\t\t<\/div>\n\t\t\t\t\t<\/div>\n\t\t<\/div>\n\t\t\t\t\t<\/div>\n\t\t<\/section>\n\t\t\t\t<section class=\"elementor-section elementor-top-section elementor-element elementor-element-5f728b2 elementor-section-boxed elementor-section-height-default elementor-section-height-default\" data-id=\"5f728b2\" data-element_type=\"section\" data-settings=\"{&quot;background_background&quot;:&quot;classic&quot;}\">\n\t\t\t\t\t\t<div class=\"elementor-container elementor-column-gap-default\">\n\t\t\t\t\t<div class=\"elementor-column elementor-col-50 elementor-top-column elementor-element elementor-element-e9d17ea\" data-id=\"e9d17ea\" data-element_type=\"column\">\n\t\t\t<div class=\"elementor-widget-wrap elementor-element-populated\">\n\t\t\t\t\t\t<div class=\"elementor-element elementor-element-e799d97 elementor-align-center elementor-mobile-align-center animated-slow elementor-invisible elementor-widget elementor-widget-button\" data-id=\"e799d97\" data-element_type=\"widget\" data-settings=\"{&quot;_animation&quot;:&quot;zoomIn&quot;}\" data-widget_type=\"button.default\">\n\t\t\t\t<div class=\"elementor-widget-container\">\n\t\t\t\t\t\t\t\t\t<div class=\"elementor-button-wrapper\">\n\t\t\t\t\t<a class=\"elementor-button elementor-button-link elementor-size-sm elementor-animation-grow\" href=\"https:\/\/docs.google.com\/forms\/d\/e\/1FAIpQLSd5gmjvNhf7vCIsFWNPKQ2VLu_Xl1D45HdvPAh43DrB8czwlQ\/viewform\">\n\t\t\t\t\t\t<span class=\"elementor-button-content-wrapper\">\n\t\t\t\t\t\t\t\t\t<span class=\"elementor-button-text\">Te contactamos<\/span>\n\t\t\t\t\t<\/span>\n\t\t\t\t\t<\/a>\n\t\t\t\t<\/div>\n\t\t\t\t\t\t\t\t<\/div>\n\t\t\t\t<\/div>\n\t\t\t\t\t<\/div>\n\t\t<\/div>\n\t\t\t\t<div class=\"elementor-column elementor-col-50 elementor-top-column elementor-element elementor-element-9aedf9d\" data-id=\"9aedf9d\" data-element_type=\"column\">\n\t\t\t<div class=\"elementor-widget-wrap elementor-element-populated\">\n\t\t\t\t\t\t<div class=\"elementor-element elementor-element-95b5695 elementor-align-center animated-slow elementor-invisible elementor-widget elementor-widget-button\" data-id=\"95b5695\" data-element_type=\"widget\" data-settings=\"{&quot;_animation&quot;:&quot;zoomIn&quot;}\" data-widget_type=\"button.default\">\n\t\t\t\t<div class=\"elementor-widget-container\">\n\t\t\t\t\t\t\t\t\t<div class=\"elementor-button-wrapper\">\n\t\t\t\t\t<a class=\"elementor-button elementor-button-link elementor-size-sm elementor-animation-grow\" href=\"https:\/\/api.whatsapp.com\/send\/?phone=573124059410&#038;text=Hola+Colegio+Clermont.+Necesito+m%C3%A1s+informaci%C3%B3n%21&#038;type=phone_number&#038;app_absent=0\">\n\t\t\t\t\t\t<span class=\"elementor-button-content-wrapper\">\n\t\t\t\t\t\t\t\t\t<span class=\"elementor-button-text\">Escr\u00edbenos<\/span>\n\t\t\t\t\t<\/span>\n\t\t\t\t\t<\/a>\n\t\t\t\t<\/div>\n\t\t\t\t\t\t\t\t<\/div>\n\t\t\t\t<\/div>\n\t\t\t\t\t<\/div>\n\t\t<\/div>\n\t\t\t\t\t<\/div>\n\t\t<\/section>\n\t\t\t\t<section class=\"elementor-section elementor-top-section elementor-element elementor-element-860d809 elementor-section-full_width elementor-section-height-default elementor-section-height-default\" data-id=\"860d809\" data-element_type=\"section\" data-settings=\"{&quot;background_background&quot;:&quot;classic&quot;}\">\n\t\t\t\t\t\t<div class=\"elementor-container elementor-column-gap-no\">\n\t\t\t\t\t<div class=\"elementor-column elementor-col-100 elementor-top-column elementor-element elementor-element-4f516e1\" data-id=\"4f516e1\" data-element_type=\"column\">\n\t\t\t<div class=\"elementor-widget-wrap elementor-element-populated\">\n\t\t\t\t\t\t\t<\/div>\n\t\t<\/div>\n\t\t\t\t\t<\/div>\n\t\t<\/section>\n\t\t\t\t<section class=\"elementor-section elementor-top-section elementor-element elementor-element-9aab6d9 elementor-section-boxed elementor-section-height-default elementor-section-height-default\" data-id=\"9aab6d9\" data-element_type=\"section\">\n\t\t\t\t\t\t<div class=\"elementor-container elementor-column-gap-default\">\n\t\t\t\t\t<div class=\"elementor-column elementor-col-100 elementor-top-column elementor-element elementor-element-4f7c7c7\" data-id=\"4f7c7c7\" data-element_type=\"column\">\n\t\t\t<div class=\"elementor-widget-wrap elementor-element-populated\">\n\t\t\t\t\t\t<div class=\"elementor-element elementor-element-8f9bb1d elementor-widget elementor-widget-video\" data-id=\"8f9bb1d\" data-element_type=\"widget\" data-settings=\"{&quot;video_type&quot;:&quot;hosted&quot;,&quot;autoplay&quot;:&quot;yes&quot;,&quot;play_on_mobile&quot;:&quot;yes&quot;,&quot;mute&quot;:&quot;yes&quot;,&quot;loop&quot;:&quot;yes&quot;,&quot;controls&quot;:&quot;yes&quot;}\" data-widget_type=\"video.default\">\n\t\t\t\t<div class=\"elementor-widget-container\">\n\t\t\t\t\t\t\t<div class=\"e-hosted-video elementor-wrapper elementor-open-inline\">\n\t\t\t\t\t<video class=\"elementor-video\" src=\"https:\/\/www.clermont.edu.co\/wp-content\/uploads\/2026\/04\/Admisionss-21-04-2026.mp4\" autoplay=\"\" loop=\"\" controls=\"\" muted=\"muted\" playsinline=\"\" controlsList=\"nodownload\"><\/video>\n\t\t\t\t<\/div>\n\t\t\t\t\t\t<\/div>\n\t\t\t\t<\/div>\n\t\t\t\t\t<\/div>\n\t\t<\/div>\n\t\t\t\t\t<\/div>\n\t\t<\/section>\n\t\t\t\t<section class=\"elementor-section elementor-top-section elementor-element elementor-element-c7d537b elementor-section-boxed elementor-section-height-default elementor-section-height-default\" data-id=\"c7d537b\" data-element_type=\"section\">\n\t\t\t\t\t\t<div class=\"elementor-container elementor-column-gap-default\">\n\t\t\t\t\t<div class=\"elementor-column elementor-col-50 elementor-top-column elementor-element elementor-element-934794b\" data-id=\"934794b\" data-element_type=\"column\">\n\t\t\t<div class=\"elementor-widget-wrap elementor-element-populated\">\n\t\t\t\t\t\t<div class=\"elementor-element elementor-element-30c43f3 elementor-widget elementor-widget-playstone-service\" data-id=\"30c43f3\" data-element_type=\"widget\" data-widget_type=\"playstone-service.default\">\n\t\t\t\t<div class=\"elementor-widget-container\">\n\t\t\t\t\t\t\t\r\n\t\t<div class=\"single_activites single_activites_color_one text-center\">\r\n\t\t\t<i class=\"fa fa-dribbble\"><\/i>\r\n\t\t\t<h4>Colegio Miembro UCB <\/h4>\r\n\t\t\t\t\t<\/div>\t\t\r\n\t\t\t\t\t<\/div>\n\t\t\t\t<\/div>\n\t\t\t\t\t<\/div>\n\t\t<\/div>\n\t\t\t\t<div class=\"elementor-column elementor-col-50 elementor-top-column elementor-element elementor-element-b8cfc6d\" data-id=\"b8cfc6d\" data-element_type=\"column\">\n\t\t\t<div class=\"elementor-widget-wrap elementor-element-populated\">\n\t\t\t\t\t\t<div class=\"elementor-element elementor-element-369e35f elementor-widget elementor-widget-playstone-service\" data-id=\"369e35f\" data-element_type=\"widget\" data-widget_type=\"playstone-service.default\">\n\t\t\t\t<div class=\"elementor-widget-container\">\n\t\t\t\t\t\t\t\r\n\t\t<div class=\"single_activites single_activites_color_one text-center\">\r\n\t\t\t<i class=\"fa fa-flag\"><\/i>\r\n\t\t\t<h4> Francofono Alianza Colombo Francesa<\/h4>\r\n\t\t\t\t\t<\/div>\t\t\r\n\t\t\t\t\t<\/div>\n\t\t\t\t<\/div>\n\t\t\t\t\t<\/div>\n\t\t<\/div>\n\t\t\t\t\t<\/div>\n\t\t<\/section>\n\t\t\t\t<section class=\"elementor-section elementor-top-section elementor-element elementor-element-60c098b elementor-section-boxed elementor-section-height-default elementor-section-height-default\" data-id=\"60c098b\" data-element_type=\"section\">\n\t\t\t\t\t\t<div class=\"elementor-container elementor-column-gap-default\">\n\t\t\t\t\t<div class=\"elementor-column elementor-col-50 elementor-top-column elementor-element elementor-element-a1ccc09\" data-id=\"a1ccc09\" data-element_type=\"column\">\n\t\t\t<div class=\"elementor-widget-wrap elementor-element-populated\">\n\t\t\t\t\t\t<div class=\"elementor-element elementor-element-a5d830a elementor-widget elementor-widget-playstone-service\" data-id=\"a5d830a\" data-element_type=\"widget\" data-widget_type=\"playstone-service.default\">\n\t\t\t\t<div class=\"elementor-widget-container\">\n\t\t\t\t\t\t\t\r\n\t\t<div class=\"single_activites single_activites_color_one text-center\">\r\n\t\t\t<i class=\"fa fa-plane\"><\/i>\r\n\t\t\t<h4>Inmersi\u00f3n Francia Y C\u00e1nada<\/h4>\r\n\t\t\t\t\t<\/div>\t\t\r\n\t\t\t\t\t<\/div>\n\t\t\t\t<\/div>\n\t\t\t\t<div class=\"elementor-element elementor-element-e794530 elementor-widget elementor-widget-playstone-service\" data-id=\"e794530\" data-element_type=\"widget\" data-widget_type=\"playstone-service.default\">\n\t\t\t\t<div class=\"elementor-widget-container\">\n\t\t\t\t\t\t\t\r\n\t\t<div class=\"single_activites single_activites_color_one text-center\">\r\n\t\t\t<i class=\"fa fa-globe\"><\/i>\r\n\t\t\t<h4>Asociado con Cambridge<\/h4>\r\n\t\t\t\t\t<\/div>\t\t\r\n\t\t\t\t\t<\/div>\n\t\t\t\t<\/div>\n\t\t\t\t\t<\/div>\n\t\t<\/div>\n\t\t\t\t<div class=\"elementor-column elementor-col-50 elementor-top-column elementor-element elementor-element-67284b8\" data-id=\"67284b8\" data-element_type=\"column\">\n\t\t\t<div class=\"elementor-widget-wrap elementor-element-populated\">\n\t\t\t\t\t\t<div class=\"elementor-element elementor-element-a1709a3 elementor-widget elementor-widget-playstone-service\" data-id=\"a1709a3\" data-element_type=\"widget\" data-widget_type=\"playstone-service.default\">\n\t\t\t\t<div class=\"elementor-widget-container\">\n\t\t\t\t\t\t\t\r\n\t\t<div class=\"single_activites single_activites_color_one text-center\">\r\n\t\t\t<i class=\"fa fa-horse\"><\/i>\r\n\t\t\t<h4>Programa de Equitaci\u00f3n y Tenis<\/h4>\r\n\t\t\t\t\t<\/div>\t\t\r\n\t\t\t\t\t<\/div>\n\t\t\t\t<\/div>\n\t\t\t\t<div class=\"elementor-element elementor-element-0de2543 elementor-widget elementor-widget-playstone-service\" data-id=\"0de2543\" data-element_type=\"widget\" data-widget_type=\"playstone-service.default\">\n\t\t\t\t<div class=\"elementor-widget-container\">\n\t\t\t\t\t\t\t\r\n\t\t<div class=\"single_activites single_activites_color_one text-center\">\r\n\t\t\t<i class=\"fa fa-heart\"><\/i>\r\n\t\t\t<h4>Lideres Pami Formaci\u00f3n contra el Bullying<\/h4>\r\n\t\t\t\t\t<\/div>\t\t\r\n\t\t\t\t\t<\/div>\n\t\t\t\t<\/div>\n\t\t\t\t\t<\/div>\n\t\t<\/div>\n\t\t\t\t\t<\/div>\n\t\t<\/section>\n\t\t\t\t<section class=\"elementor-section elementor-top-section elementor-element elementor-element-3ea45b5 elementor-section-boxed elementor-section-height-default elementor-section-height-default\" data-id=\"3ea45b5\" data-element_type=\"section\">\n\t\t\t\t\t\t<div class=\"elementor-container elementor-column-gap-default\">\n\t\t\t\t\t<div class=\"elementor-column elementor-col-100 elementor-top-column elementor-element elementor-element-461eaac\" data-id=\"461eaac\" data-element_type=\"column\">\n\t\t\t<div class=\"elementor-widget-wrap\">\n\t\t\t\t\t\t\t<\/div>\n\t\t<\/div>\n\t\t\t\t\t<\/div>\n\t\t<\/section>\n\t\t\t\t<section class=\"elementor-section elementor-top-section elementor-element elementor-element-8bb106e elementor-section-boxed elementor-section-height-default elementor-section-height-default\" data-id=\"8bb106e\" data-element_type=\"section\" data-settings=\"{&quot;background_background&quot;:&quot;classic&quot;}\">\n\t\t\t\t\t\t<div class=\"elementor-container elementor-column-gap-no\">\n\t\t\t\t\t<div class=\"elementor-column elementor-col-100 elementor-top-column elementor-element elementor-element-97ef729\" data-id=\"97ef729\" data-element_type=\"column\">\n\t\t\t<div class=\"elementor-widget-wrap elementor-element-populated\">\n\t\t\t\t\t\t<div class=\"elementor-element elementor-element-dde0f38 elementor-widget elementor-widget-playstone-promo\" data-id=\"dde0f38\" data-element_type=\"widget\" data-widget_type=\"playstone-promo.default\">\n\t\t\t\t<div class=\"elementor-widget-container\">\n\t\t\t\t\t\t\t\r\n\t\t<!-- START PROMOTION -->\t\r\n\t\t<section class=\"promotion section-padding\">\r\n\t\t\t<div class=\"container\">\r\n\t\t\t\t<div class=\"row\">\r\n\t\t\t\t\t<div class=\"col-md-12 text-center\">\r\n\t\t\t\t\t\t<div class=\"single_promo\">\r\n\t\t\t\t\t\t\t<h1 class=\"promo_heading\">S\u00edguenos en nuestras <strong>Redes Sociales<\/strong> <\/h1>\r\n\t\t\t\t\t\t<\/div>\r\n\t\t\t\t\t<\/div>\r\n\t\t\t\t<\/div>\r\n\t\t\t<\/div>\r\n\t\t<\/section>\r\n\t\t<!-- END PROMOTION -->\r\n\t\t\r\n\t\t\t\t\t<\/div>\n\t\t\t\t<\/div>\n\t\t\t\t\t<\/div>\n\t\t<\/div>\n\t\t\t\t\t<\/div>\n\t\t<\/section>\n\t\t\t\t<section class=\"elementor-section elementor-top-section elementor-element elementor-element-79051b0 elementor-section-boxed elementor-section-height-default elementor-section-height-default\" data-id=\"79051b0\" data-element_type=\"section\">\n\t\t\t\t\t\t<div class=\"elementor-container elementor-column-gap-default\">\n\t\t\t\t\t<div class=\"elementor-column elementor-col-33 elementor-top-column elementor-element elementor-element-5b2989f\" data-id=\"5b2989f\" data-element_type=\"column\">\n\t\t\t<div class=\"elementor-widget-wrap elementor-element-populated\">\n\t\t\t\t\t\t<div class=\"elementor-element elementor-element-b0e7a92 elementor-view-default elementor-widget elementor-widget-icon\" data-id=\"b0e7a92\" data-element_type=\"widget\" data-widget_type=\"icon.default\">\n\t\t\t\t<div class=\"elementor-widget-container\">\n\t\t\t\t\t\t\t<div class=\"elementor-icon-wrapper\">\n\t\t\t<a class=\"elementor-icon elementor-animation-wobble-to-bottom-right\" href=\"https:\/\/www.facebook.com\/@colegioclermont?locale=es_LA\">\n\t\t\t<i aria-hidden=\"true\" class=\"fab fa-facebook\"><\/i>\t\t\t<\/a>\n\t\t<\/div>\n\t\t\t\t\t\t<\/div>\n\t\t\t\t<\/div>\n\t\t\t\t\t<\/div>\n\t\t<\/div>\n\t\t\t\t<div class=\"elementor-column elementor-col-33 elementor-top-column elementor-element elementor-element-3e5887a\" data-id=\"3e5887a\" data-element_type=\"column\">\n\t\t\t<div class=\"elementor-widget-wrap elementor-element-populated\">\n\t\t\t\t\t\t<div class=\"elementor-element elementor-element-fbe7b6e elementor-view-default elementor-widget elementor-widget-icon\" data-id=\"fbe7b6e\" data-element_type=\"widget\" data-widget_type=\"icon.default\">\n\t\t\t\t<div class=\"elementor-widget-container\">\n\t\t\t\t\t\t\t<div class=\"elementor-icon-wrapper\">\n\t\t\t<a class=\"elementor-icon elementor-animation-wobble-vertical\" href=\"https:\/\/www.instagram.com\/colegioclermont\/\">\n\t\t\t<i aria-hidden=\"true\" class=\"fab fa-instagram\"><\/i>\t\t\t<\/a>\n\t\t<\/div>\n\t\t\t\t\t\t<\/div>\n\t\t\t\t<\/div>\n\t\t\t\t\t<\/div>\n\t\t<\/div>\n\t\t\t\t<div class=\"elementor-column elementor-col-33 elementor-top-column elementor-element elementor-element-a25500c\" data-id=\"a25500c\" data-element_type=\"column\">\n\t\t\t<div class=\"elementor-widget-wrap elementor-element-populated\">\n\t\t\t\t\t\t<div class=\"elementor-element elementor-element-852f03b elementor-view-default elementor-widget elementor-widget-icon\" data-id=\"852f03b\" data-element_type=\"widget\" data-widget_type=\"icon.default\">\n\t\t\t\t<div class=\"elementor-widget-container\">\n\t\t\t\t\t\t\t<div class=\"elementor-icon-wrapper\">\n\t\t\t<a class=\"elementor-icon elementor-animation-wobble-to-top-right\" href=\"https:\/\/www.youtube.com\/@colegioclermontbilingue\">\n\t\t\t<i aria-hidden=\"true\" class=\"fab fa-youtube\"><\/i>\t\t\t<\/a>\n\t\t<\/div>\n\t\t\t\t\t\t<\/div>\n\t\t\t\t<\/div>\n\t\t\t\t\t<\/div>\n\t\t<\/div>\n\t\t\t\t\t<\/div>\n\t\t<\/section>\n\t\t\t\t<section class=\"elementor-section elementor-top-section elementor-element elementor-element-2e3c320 elementor-section-boxed elementor-section-height-default elementor-section-height-default\" data-id=\"2e3c320\" data-element_type=\"section\">\n\t\t\t\t\t\t<div class=\"elementor-container elementor-column-gap-default\">\n\t\t\t\t\t<div class=\"elementor-column elementor-col-50 elementor-top-column elementor-element elementor-element-71ece6d\" data-id=\"71ece6d\" data-element_type=\"column\">\n\t\t\t<div class=\"elementor-widget-wrap elementor-element-populated\">\n\t\t\t\t\t\t<div class=\"elementor-element elementor-element-d69c579 elementor-widget elementor-widget-heading\" data-id=\"d69c579\" data-element_type=\"widget\" data-widget_type=\"heading.default\">\n\t\t\t\t<div class=\"elementor-widget-container\">\n\t\t\t\t\t<h1 class=\"elementor-heading-title elementor-size-default\">\u00bfC\u00f3mo llegar?<\/h1>\t\t\t\t<\/div>\n\t\t\t\t<\/div>\n\t\t\t\t<div class=\"elementor-element elementor-element-ca7c19d elementor-widget elementor-widget-text-editor\" data-id=\"ca7c19d\" data-element_type=\"widget\" data-widget_type=\"text-editor.default\">\n\t\t\t\t<div class=\"elementor-widget-container\">\n\t\t\t\t\t\t\t\t\t<div class=\"map\"><iframe style=\"border: 0;\" src=\"https:\/\/www.google.com\/maps\/embed?pb=!1m18!1m12!1m3!1d31806.827131029062!2d-74.07553188004677!3d4.795205142165912!2m3!1f0!2f0!3f0!3m2!1i1024!2i768!4f13.1!3m3!1m2!1s0x8e3f8671bfcc15dd%3A0x830709d70013cb91!2sColegio%20Biling%C3%BCe%20Clermont!5e0!3m2!1ses!2sco!4v1636745139213!5m2!1ses!2sco\" height=\"400\" allowfullscreen=\"allowfullscreen\"><\/iframe><\/div>\t\t\t\t\t\t\t\t<\/div>\n\t\t\t\t<\/div>\n\t\t\t\t\t<\/div>\n\t\t<\/div>\n\t\t\t\t<div class=\"elementor-column elementor-col-50 elementor-top-column elementor-element elementor-element-21e7e23\" data-id=\"21e7e23\" data-element_type=\"column\">\n\t\t\t<div class=\"elementor-widget-wrap elementor-element-populated\">\n\t\t\t\t\t\t<div class=\"elementor-element elementor-element-266e57b animated-slow elementor-invisible elementor-widget elementor-widget-playstone-service\" data-id=\"266e57b\" data-element_type=\"widget\" data-settings=\"{&quot;_animation&quot;:&quot;fadeInDown&quot;}\" data-widget_type=\"playstone-service.default\">\n\t\t\t\t<div class=\"elementor-widget-container\">\n\t\t\t\t\t\t\t\r\n\t\t<div class=\"single_activites single_activites_color_one text-center\">\r\n\t\t\t<i class=\"fa fa-bus\"><\/i>\r\n\t\t\t<h4>Transporte<\/h4>\r\n\t\t\t\t\t<\/div>\t\t\r\n\t\t\t\t\t<\/div>\n\t\t\t\t<\/div>\n\t\t\t\t<div class=\"elementor-element elementor-element-bd16d5b animated-slow elementor-invisible elementor-widget elementor-widget-playstone-service\" data-id=\"bd16d5b\" data-element_type=\"widget\" data-settings=\"{&quot;_animation&quot;:&quot;fadeInUp&quot;}\" data-widget_type=\"playstone-service.default\">\n\t\t\t\t<div class=\"elementor-widget-container\">\n\t\t\t\t\t\t\t\r\n\t\t<div class=\"single_activites single_activites_color_one text-center\">\r\n\t\t\t<i class=\"fa fa-hamburger\"><\/i>\r\n\t\t\t<h4>Alimentaci\u00f3n<\/h4>\r\n\t\t\t\t\t<\/div>\t\t\r\n\t\t\t\t\t<\/div>\n\t\t\t\t<\/div>\n\t\t\t\t\t<\/div>\n\t\t<\/div>\n\t\t\t\t\t<\/div>\n\t\t<\/section>\n\t\t\t\t<section class=\"elementor-section elementor-top-section elementor-element elementor-element-5793580 elementor-section-full_width elementor-section-height-default elementor-section-height-default\" data-id=\"5793580\" data-element_type=\"section\">\n\t\t\t\t\t\t<div class=\"elementor-container elementor-column-gap-no\">\n\t\t\t\t\t<div class=\"elementor-column elementor-col-25 elementor-top-column elementor-element elementor-element-bacf205\" data-id=\"bacf205\" data-element_type=\"column\">\n\t\t\t<div class=\"elementor-widget-wrap elementor-element-populated\">\n\t\t\t\t\t\t<div class=\"elementor-element elementor-element-18f0e7e elementor-widget elementor-widget-playstone-contact-info\" data-id=\"18f0e7e\" data-element_type=\"widget\" data-widget_type=\"playstone-contact-info.default\">\n\t\t\t\t<div class=\"elementor-widget-container\">\n\t\t\t\t\t\t\t\r\n\t\t<div class=\"single-address text-center\">\r\n\t\t\t<i class=\"fa fa-rocket\"><\/i>\r\n\t\t\t<h4>Direcci\u00f3n<\/h4>\r\n\t\t\t<p>Direcci\u00f3n nueva: Transversal 80 #213 A-17 V\u00eda Arrayanes<\/p><p>Direcci\u00f3n antigua: Carrera 73 #213A-51<\/p>\t\t<\/div>\t\t\r\n\r\n\t\t\t\t\t<\/div>\n\t\t\t\t<\/div>\n\t\t\t\t\t<\/div>\n\t\t<\/div>\n\t\t\t\t<div class=\"elementor-column elementor-col-25 elementor-top-column elementor-element elementor-element-42cc5dc\" data-id=\"42cc5dc\" data-element_type=\"column\">\n\t\t\t<div class=\"elementor-widget-wrap elementor-element-populated\">\n\t\t\t\t\t\t<div class=\"elementor-element elementor-element-b3dbf7d elementor-widget elementor-widget-playstone-contact-info\" data-id=\"b3dbf7d\" data-element_type=\"widget\" data-widget_type=\"playstone-contact-info.default\">\n\t\t\t\t<div class=\"elementor-widget-container\">\n\t\t\t\t\t\t\t\r\n\t\t<div class=\"single-address text-center\">\r\n\t\t\t<i class=\"fa fa-phone\"><\/i>\r\n\t\t\t<h4>Ll\u00e1manos<\/h4>\r\n\t\t\t<p><strong>(601) 555 3838<\/strong><\/p><p><strong>312 405 9410<\/strong><\/p>\t\t<\/div>\t\t\r\n\r\n\t\t\t\t\t<\/div>\n\t\t\t\t<\/div>\n\t\t\t\t\t<\/div>\n\t\t<\/div>\n\t\t\t\t<div class=\"elementor-column elementor-col-25 elementor-top-column elementor-element elementor-element-bc65ea9\" data-id=\"bc65ea9\" data-element_type=\"column\">\n\t\t\t<div class=\"elementor-widget-wrap elementor-element-populated\">\n\t\t\t\t\t\t<div class=\"elementor-element elementor-element-b170917 elementor-widget elementor-widget-playstone-contact-info\" data-id=\"b170917\" data-element_type=\"widget\" data-widget_type=\"playstone-contact-info.default\">\n\t\t\t\t<div class=\"elementor-widget-container\">\n\t\t\t\t\t\t\t\r\n\t\t<div class=\"single-address text-center\">\r\n\t\t\t<i class=\"fa fa-envelope\"><\/i>\r\n\t\t\t<h4>Env\u00edanos un mensaje<\/h4>\r\n\t\t\t<p>admisiones@clermont.edu.co info@clermont.edu.co<\/p>\t\t<\/div>\t\t\r\n\r\n\t\t\t\t\t<\/div>\n\t\t\t\t<\/div>\n\t\t\t\t\t<\/div>\n\t\t<\/div>\n\t\t\t\t<div class=\"elementor-column elementor-col-25 elementor-top-column elementor-element elementor-element-7cc58ce\" data-id=\"7cc58ce\" data-element_type=\"column\">\n\t\t\t<div class=\"elementor-widget-wrap elementor-element-populated\">\n\t\t\t\t\t\t<div class=\"elementor-element elementor-element-eb1ce64 elementor-widget elementor-widget-playstone-contact-info\" data-id=\"eb1ce64\" data-element_type=\"widget\" data-widget_type=\"playstone-contact-info.default\">\n\t\t\t\t<div class=\"elementor-widget-container\">\n\t\t\t\t\t\t\t\r\n\t\t<div class=\"single-address text-center\">\r\n\t\t\t<i class=\"fa fa-clock-o\"><\/i>\r\n\t\t\t<h4>Horario de atenci\u00f3n<\/h4>\r\n\t\t\t<p>Lun - Vie: 08:00 AM -\u00a0 3:00 PM<\/p>\t\t<\/div>\t\t\r\n\r\n\t\t\t\t\t<\/div>\n\t\t\t\t<\/div>\n\t\t\t\t\t<\/div>\n\t\t<\/div>\n\t\t\t\t\t<\/div>\n\t\t<\/section>\n\t\t\t\t<\/div>\n\t\t","protected":false},"excerpt":{"rendered":"<p>#AprendiendoFelices Te contactamos Escr\u00edbenos https:\/\/www.clermont.edu.co\/wp-content\/uploads\/2026\/04\/Admisionss-21-04-2026.mp4 Colegio Miembro UCB Francofono Alianza Colombo Francesa Inmersi\u00f3n Francia Y C\u00e1nada Asociado con Cambridge Programa de Equitaci\u00f3n y Tenis Lideres Pami Formaci\u00f3n contra el Bullying S\u00edguenos en nuestras Redes Sociales \u00bfC\u00f3mo llegar? Transporte Alimentaci\u00f3n Direcci\u00f3n [&hellip;]<\/p>\n","protected":false},"author":5,"featured_media":0,"parent":0,"menu_order":0,"comment_status":"closed","ping_status":"closed","template":"elementor_header_footer","meta":{"_joinchat":[],"footnotes":""},"folder":[],"class_list":["post-577","page","type-page","status-publish","hentry"],"_links":{"self":[{"href":"https:\/\/www.clermont.edu.co\/index.php\/wp-json\/wp\/v2\/pages\/577","targetHints":{"allow":["GET"]}}],"collection":[{"href":"https:\/\/www.clermont.edu.co\/index.php\/wp-json\/wp\/v2\/pages"}],"about":[{"href":"https:\/\/www.clermont.edu.co\/index.php\/wp-json\/wp\/v2\/types\/page"}],"author":[{"embeddable":true,"href":"https:\/\/www.clermont.edu.co\/index.php\/wp-json\/wp\/v2\/users\/5"}],"replies":[{"embeddable":true,"href":"https:\/\/www.clermont.edu.co\/index.php\/wp-json\/wp\/v2\/comments?post=577"}],"version-history":[{"count":188,"href":"https:\/\/www.clermont.edu.co\/index.php\/wp-json\/wp\/v2\/pages\/577\/revisions"}],"predecessor-version":[{"id":7597,"href":"https:\/\/www.clermont.edu.co\/index.php\/wp-json\/wp\/v2\/pages\/577\/revisions\/7597"}],"wp:attachment":[{"href":"https:\/\/www.clermont.edu.co\/index.php\/wp-json\/wp\/v2\/media?parent=577"}],"wp:term":[{"taxonomy":"folder","embeddable":true,"href":"https:\/\/www.clermont.edu.co\/index.php\/wp-json\/wp\/v2\/folder?post=577"}],"curies":[{"name":"wp","href":"https:\/\/api.w.org\/{rel}","templated":true}]}}