{"id":524,"date":"2021-11-24T14:03:51","date_gmt":"2021-11-24T19:03:51","guid":{"rendered":"https:\/\/www.clermont.edu.co\/?page_id=524"},"modified":"2025-07-31T08:38:44","modified_gmt":"2025-07-31T13:38:44","slug":"simbolos","status":"publish","type":"page","link":"https:\/\/www.clermont.edu.co\/index.php\/simbolos\/","title":{"rendered":"S\u00edmbolos"},"content":{"rendered":"\t\t<div data-elementor-type=\"wp-post\" data-elementor-id=\"524\" class=\"elementor elementor-524\">\n\t\t\t\t\t\t<section class=\"elementor-section elementor-top-section elementor-element elementor-element-a3949b9 elementor-section-boxed elementor-section-height-default elementor-section-height-default\" data-id=\"a3949b9\" data-element_type=\"section\">\n\t\t\t\t\t\t<div class=\"elementor-container elementor-column-gap-default\">\n\t\t\t\t\t<div class=\"elementor-column elementor-col-100 elementor-top-column elementor-element elementor-element-4016594\" data-id=\"4016594\" data-element_type=\"column\">\n\t\t\t<div class=\"elementor-widget-wrap elementor-element-populated\">\n\t\t\t\t\t\t<div class=\"elementor-element elementor-element-d06742b elementor-widget elementor-widget-heading\" data-id=\"d06742b\" data-element_type=\"widget\" data-widget_type=\"heading.default\">\n\t\t\t\t<div class=\"elementor-widget-container\">\n\t\t\t\t\t<h2 class=\"elementor-heading-title elementor-size-default\">Escudo<\/h2>\t\t\t\t<\/div>\n\t\t\t\t<\/div>\n\t\t\t\t\t<\/div>\n\t\t<\/div>\n\t\t\t\t\t<\/div>\n\t\t<\/section>\n\t\t\t\t<section class=\"elementor-section elementor-top-section elementor-element elementor-element-5429933 elementor-section-boxed elementor-section-height-default elementor-section-height-default\" data-id=\"5429933\" data-element_type=\"section\" data-settings=\"{&quot;background_background&quot;:&quot;classic&quot;}\">\n\t\t\t\t\t\t<div class=\"elementor-container elementor-column-gap-default\">\n\t\t\t\t\t<div class=\"elementor-column elementor-col-66 elementor-top-column elementor-element elementor-element-ba34041\" data-id=\"ba34041\" data-element_type=\"column\">\n\t\t\t<div class=\"elementor-widget-wrap elementor-element-populated\">\n\t\t\t\t\t\t<div class=\"elementor-element elementor-element-7d56d76 elementor-widget elementor-widget-image\" data-id=\"7d56d76\" data-element_type=\"widget\" data-widget_type=\"image.default\">\n\t\t\t\t<div class=\"elementor-widget-container\">\n\t\t\t\t\t\t\t\t\t\t\t\t\t\t\t<img fetchpriority=\"high\" decoding=\"async\" width=\"318\" height=\"262\" src=\"https:\/\/www.clermont.edu.co\/wp-content\/uploads\/2024\/08\/cropped-Logo.png\" class=\"attachment-full size-full wp-image-2764\" alt=\"\" srcset=\"https:\/\/www.clermont.edu.co\/wp-content\/uploads\/2024\/08\/cropped-Logo.png 318w, https:\/\/www.clermont.edu.co\/wp-content\/uploads\/2024\/08\/cropped-Logo-300x247.png 300w\" sizes=\"(max-width: 318px) 100vw, 318px\" \/>\t\t\t\t\t\t\t\t\t\t\t\t\t\t\t<\/div>\n\t\t\t\t<\/div>\n\t\t\t\t\t<\/div>\n\t\t<\/div>\n\t\t\t\t<div class=\"elementor-column elementor-col-33 elementor-top-column elementor-element elementor-element-1900714\" data-id=\"1900714\" data-element_type=\"column\">\n\t\t\t<div class=\"elementor-widget-wrap elementor-element-populated\">\n\t\t\t\t\t\t<div class=\"elementor-element elementor-element-26caac3 elementor-widget elementor-widget-text-editor\" data-id=\"26caac3\" data-element_type=\"widget\" data-widget_type=\"text-editor.default\">\n\t\t\t\t<div class=\"elementor-widget-container\">\n\t\t\t\t\t\t\t\t\t<ul><li><h4><span style=\"color: #000000;\">El escudo representa los grandes ideales que desde un comienzo nos propusimos. Las dos monta\u00f1as laterales, simbolizan a los padres y al colegio (su personal y estructura) protegiendo al ni\u00f1o, quien a su vez est\u00e1 representado por la monta\u00f1a del medio. El color verde significa la esperanza, pues el ideal educativo no es algo que se adquiere en un instante, sino que requiere un constante trabajo, como cuando labramos la tierra. Las tres monta\u00f1as comparten el espacio del suelo, que se abona con la comunicaci\u00f3n y acci\u00f3n conjunta de padres, ni\u00f1os y colegio en procura de los logros buscados. La cultura Clermont ha de ser universal, trascender las fronteras por ideolog\u00eda, raza, sexo o condici\u00f3n social; busca ir m\u00e1s all\u00e1 de las limitaciones que le imponemos a nuestra mente, de los prejuicios, de la intolerancia, de la intransigencia y del mal uso del poder.<\/span><\/h4><h4><span style=\"color: #000000;\">Finalmente, las letras de nuestras iniciales, la C y la S, se proyectan en el cielo azul, como un horizonte. Ellas son el sol naciente, la promesa de la vida y del calor; el esfuerzo por darle un sentido a nuestro d\u00eda, saber que, por encima de todas nuestras dificultades y sinsabores, siempre habr\u00e1 un nuevo amanecer.<\/span><\/h4><\/li><\/ul>\t\t\t\t\t\t\t\t<\/div>\n\t\t\t\t<\/div>\n\t\t\t\t\t<\/div>\n\t\t<\/div>\n\t\t\t\t\t<\/div>\n\t\t<\/section>\n\t\t\t\t<section class=\"elementor-section elementor-top-section elementor-element elementor-element-80ddd73 elementor-section-boxed elementor-section-height-default elementor-section-height-default\" data-id=\"80ddd73\" data-element_type=\"section\">\n\t\t\t\t\t\t<div class=\"elementor-container elementor-column-gap-default\">\n\t\t\t\t\t<div class=\"elementor-column elementor-col-100 elementor-top-column elementor-element elementor-element-99086e1\" data-id=\"99086e1\" data-element_type=\"column\">\n\t\t\t<div class=\"elementor-widget-wrap elementor-element-populated\">\n\t\t\t\t\t\t<div class=\"elementor-element elementor-element-e8798be elementor-widget elementor-widget-heading\" data-id=\"e8798be\" data-element_type=\"widget\" data-widget_type=\"heading.default\">\n\t\t\t\t<div class=\"elementor-widget-container\">\n\t\t\t\t\t<h2 class=\"elementor-heading-title elementor-size-default\">Himno<\/h2>\t\t\t\t<\/div>\n\t\t\t\t<\/div>\n\t\t\t\t\t<\/div>\n\t\t<\/div>\n\t\t\t\t\t<\/div>\n\t\t<\/section>\n\t\t\t\t<section class=\"elementor-section elementor-top-section elementor-element elementor-element-6afbca1 elementor-section-boxed elementor-section-height-default elementor-section-height-default\" data-id=\"6afbca1\" data-element_type=\"section\" data-settings=\"{&quot;background_background&quot;:&quot;classic&quot;}\">\n\t\t\t\t\t\t<div class=\"elementor-container elementor-column-gap-no\">\n\t\t\t\t\t<div class=\"elementor-column elementor-col-100 elementor-top-column elementor-element elementor-element-a702c3a\" data-id=\"a702c3a\" data-element_type=\"column\">\n\t\t\t<div class=\"elementor-widget-wrap elementor-element-populated\">\n\t\t\t\t\t\t<section class=\"elementor-section elementor-inner-section elementor-element elementor-element-2eecbfc elementor-section-boxed elementor-section-height-default elementor-section-height-default\" data-id=\"2eecbfc\" data-element_type=\"section\">\n\t\t\t\t\t\t<div class=\"elementor-container elementor-column-gap-default\">\n\t\t\t\t\t<div class=\"elementor-column elementor-col-50 elementor-inner-column elementor-element elementor-element-bc511c6\" data-id=\"bc511c6\" data-element_type=\"column\">\n\t\t\t<div class=\"elementor-widget-wrap elementor-element-populated\">\n\t\t\t\t\t\t<div class=\"elementor-element elementor-element-da6cb8b elementor-widget__width-initial elementor-widget elementor-widget-text-editor\" data-id=\"da6cb8b\" data-element_type=\"widget\" data-widget_type=\"text-editor.default\">\n\t\t\t\t<div class=\"elementor-widget-container\">\n\t\t\t\t\t\t\t\t\t<h3>\u00a0<\/h3><h3 style=\"text-align: center;\"><span style=\"color: #ffffff;\"><strong>English<\/strong><\/span><\/h3><h4 style=\"text-align: center;\"><span style=\"color: #ffffff;\"><strong>Hymn lyrics written by students:<\/strong><\/span><\/h4><h4 style=\"text-align: center;\"><span style=\"color: #ffffff;\">Silvia Bejarano and Carlos Francisco Ni\u00f1o (Class of &#8217;92).<\/span><\/h4><h4 style=\"text-align: center;\"><span style=\"color: #ffffff;\"><strong>Music composed by<\/strong>:<\/span><\/h4><h4 style=\"text-align: center;\"><span style=\"color: #ffffff;\">Silvia Bejarano y Helmer Bejarano<\/span><\/h4><h4 style=\"text-align: center;\"><span style=\"color: #ffffff;\"><strong>Instrumental,<\/strong> <strong>musical and vocalarrangement<\/strong> <strong>by:<\/strong><\/span><\/h4><h4 style=\"text-align: center;\"><span style=\"color: #ffffff;\">Professor Fabian Diaz.<\/span><\/h4><h2 style=\"text-align: center;\"><span style=\"color: #ffffff;\"><strong>Lirycs<\/strong><\/span><\/h2><h4 style=\"text-align: center;\"><strong><span style=\"color: #ffffff;\">Clermont School you\u2019ll always be inside our hearts<\/span><\/strong><br \/><strong><span style=\"color: #ffffff;\">And you\u2019ll give us energy to start a new life<\/span><\/strong><br \/><strong><span style=\"color: #ffffff;\">You will be our guide who\u2019ll take us to the stars<\/span><\/strong><br \/><strong><span style=\"color: #ffffff;\">You will teach us things for life and for the future.\u00a0<\/span><\/strong><\/h4><h4 style=\"text-align: center;\"><strong><span style=\"color: #ffffff;\">Friends we\u2019ve made through all the years won\u2019t be forgotten<\/span><\/strong><br \/><strong><span style=\"color: #ffffff;\">And we\u2019ll have them always clear inside our hearts<\/span><\/strong><br \/><strong><span style=\"color: #ffffff;\">We\u2019ll repeat your name with dignity and pride<\/span><\/strong><br \/><strong><span style=\"color: #ffffff;\">We\u2019ll be glad to sing your song our Clermont School.<\/span><\/strong><\/h4><h4 style=\"text-align: center;\"><strong><span style=\"color: #ffffff;\">Clermont School your lessons taught us how to grow<\/span><\/strong><br \/><strong><span style=\"color: #ffffff;\">To respect all human beings and to give love<\/span><\/strong><br \/><strong><span style=\"color: #ffffff;\">Clermont\u2019s purpose is to believe in what we\u2019ve done<\/span><\/strong><br \/><strong><span style=\"color: #ffffff;\">Help us realize our compromise will go on<\/span><\/strong><\/h4><h4 style=\"text-align: center;\"><strong><span style=\"color: #ffffff;\">Our legacy is friendship, faith and truth<\/span><\/strong><br \/><strong><span style=\"color: #ffffff;\">To confront real life as it\u2019s supposed to be<\/span><\/strong><br \/><strong><span style=\"color: #ffffff;\">We\u2019ll repeat your name with dignity and pride<\/span><\/strong><br \/><strong><span style=\"color: #ffffff;\">We\u2019ll be glad to sing your song our Clermont School.<\/span><\/strong><\/h4><p>\u00a0<\/p>\t\t\t\t\t\t\t\t<\/div>\n\t\t\t\t<\/div>\n\t\t\t\t\t<\/div>\n\t\t<\/div>\n\t\t\t\t<div class=\"elementor-column elementor-col-50 elementor-inner-column elementor-element elementor-element-962ee95\" data-id=\"962ee95\" data-element_type=\"column\">\n\t\t\t<div class=\"elementor-widget-wrap elementor-element-populated\">\n\t\t\t\t\t\t<div class=\"elementor-element elementor-element-b725fdf elementor-widget__width-initial elementor-widget elementor-widget-text-editor\" data-id=\"b725fdf\" data-element_type=\"widget\" data-widget_type=\"text-editor.default\">\n\t\t\t\t<div class=\"elementor-widget-container\">\n\t\t\t\t\t\t\t\t\t<h3>\u00a0<\/h3><h3 style=\"text-align: center;\"><strong><span style=\"color: #ffffff;\">Espa\u00f1ol<\/span><\/strong><\/h3><ul><li style=\"text-align: center;\"><h4><span style=\"color: #ffffff;\"><strong>Letra del himno escrita por los estudiantes:<\/strong><\/span><\/h4><h4><span style=\"color: #ffffff;\">Silvia Bejarano y Carlos Francisco Ni\u00f1o (Promoci\u00f3n del 92)<\/span><\/h4><h4><span style=\"color: #ffffff;\"><strong>M\u00fasica compuesta por<\/strong>:<\/span><\/h4><h4><span style=\"color: #ffffff;\">Silvia Bejarano y Helmer Bejarano<\/span><\/h4><h4><span style=\"color: #ffffff;\"><strong>Arreglo instrumental,<\/strong> <strong>musical y vocal por:<\/strong><\/span><\/h4><h4><span style=\"color: #ffffff;\">Profesor Fabi\u00e1n D\u00edaz.<\/span><\/h4><\/li><\/ul><h2 style=\"text-align: center;\"><span style=\"color: #ffffff;\"><strong>Letra<\/strong><\/span><\/h2><h4 style=\"text-align: center;\"><strong><span style=\"color: #ffffff;\">Clermont School, siempre en nuestro coraz\u00f3n<\/span><\/strong><br \/><strong><span style=\"color: #ffffff;\">nos dar\u00e1s la fuerza para un nuevo comenzar.<\/span><\/strong><br \/><strong><span style=\"color: #ffffff;\">Ser\u00e1s nuestra gu\u00eda hacia las estrellas,<\/span><\/strong><br \/><strong><span style=\"color: #ffffff;\">nos ense\u00f1ar\u00e1s para la vida y el futuro.<\/span><\/strong><\/h4><h4 style=\"text-align: center;\"><strong><span style=\"color: #ffffff;\">Amigos que hicimos en todos estos a\u00f1os no olvidaremos,<\/span><\/strong><br \/><strong><span style=\"color: #ffffff;\">los llevaremos siempre en el coraz\u00f3n.<\/span><\/strong><br \/><strong><span style=\"color: #ffffff;\">Repetiremos tu nombre con honor y orgullo,<\/span><\/strong><br \/><strong><span style=\"color: #ffffff;\">felices de cantar tu canci\u00f3n, Clermont School.<\/span><\/strong><\/h4><h4 style=\"text-align: center;\"><strong><span style=\"color: #ffffff;\">Clermont School, tus lecciones nos ense\u00f1aron a crecer,<\/span><\/strong><br \/><strong><span style=\"color: #ffffff;\">a respetar a los dem\u00e1s y a brindar amor.<\/span><\/strong><br \/><strong><span style=\"color: #ffffff;\">El prop\u00f3sito de Clermont es creer en lo logrado,<\/span><\/strong><br \/><strong><span style=\"color: #ffffff;\">ay\u00fadanos a cumplir nuestro compromiso de seguir.<\/span><\/strong><\/h4><h4 style=\"text-align: center;\"><strong><span style=\"color: #ffffff;\">Nuestro legado es amistad, fe y verdad,<\/span><\/strong><br \/><strong><span style=\"color: #ffffff;\">para enfrentar la vida como debe ser.<\/span><\/strong><br \/><strong><span style=\"color: #ffffff;\">Repetiremos tu nombre con honor y orgullo,<\/span><\/strong><br \/><strong><span style=\"color: #ffffff;\">felices de cantar tu canci\u00f3n, nuestro Clermont School<\/span><\/strong><strong><span style=\"color: #ffffff;\">.<\/span><\/strong><\/h4><p>\u00a0<\/p>\t\t\t\t\t\t\t\t<\/div>\n\t\t\t\t<\/div>\n\t\t\t\t\t<\/div>\n\t\t<\/div>\n\t\t\t\t\t<\/div>\n\t\t<\/section>\n\t\t\t\t\t<\/div>\n\t\t<\/div>\n\t\t\t\t\t<\/div>\n\t\t<\/section>\n\t\t\t\t<section class=\"elementor-section elementor-top-section elementor-element elementor-element-6a7d706 elementor-section-boxed elementor-section-height-default elementor-section-height-default\" data-id=\"6a7d706\" data-element_type=\"section\">\n\t\t\t\t\t\t<div class=\"elementor-container elementor-column-gap-default\">\n\t\t\t\t\t<div class=\"elementor-column elementor-col-50 elementor-top-column elementor-element elementor-element-b5a2dc2\" data-id=\"b5a2dc2\" data-element_type=\"column\">\n\t\t\t<div class=\"elementor-widget-wrap elementor-element-populated\">\n\t\t\t\t\t\t<div class=\"elementor-element elementor-element-7bc511e elementor-widget elementor-widget-heading\" data-id=\"7bc511e\" data-element_type=\"widget\" data-widget_type=\"heading.default\">\n\t\t\t\t<div class=\"elementor-widget-container\">\n\t\t\t\t\t<h2 class=\"elementor-heading-title elementor-size-default\">Reproducir<\/h2>\t\t\t\t<\/div>\n\t\t\t\t<\/div>\n\t\t\t\t\t<\/div>\n\t\t<\/div>\n\t\t\t\t<div class=\"elementor-column elementor-col-50 elementor-top-column elementor-element elementor-element-9d67e9f\" data-id=\"9d67e9f\" data-element_type=\"column\">\n\t\t\t<div class=\"elementor-widget-wrap elementor-element-populated\">\n\t\t\t\t\t\t<div class=\"elementor-element elementor-element-7baec28 elementor-widget elementor-widget-shortcode\" data-id=\"7baec28\" data-element_type=\"widget\" data-widget_type=\"shortcode.default\">\n\t\t\t\t<div class=\"elementor-widget-container\">\n\t\t\t\t\t\t\t<div class=\"elementor-shortcode\"><div class=\"compact_audio_player_wrapper\"><div class=\"sc_player_container1\"><input type=\"button\" id=\"btnplay_69d82ca68def63.52024135\" class=\"myButton_play\" onClick=\"play_mp3('play','69d82ca68def63.52024135','https:\/\/www.clermont.edu.co\/wp-content\/uploads\/2025\/07\/04-The-Clermont-School-Anthem.mp3','80','false');show_hide('play','69d82ca68def63.52024135');\" \/><input type=\"button\"  id=\"btnstop_69d82ca68def63.52024135\" style=\"display:none\" class=\"myButton_stop\" onClick=\"play_mp3('stop','69d82ca68def63.52024135','','80','false');show_hide('stop','69d82ca68def63.52024135');\" \/><div id=\"sm2-container\"><!-- flash movie ends up here --><\/div><\/div><\/div><\/div>\n\t\t\t\t\t\t<\/div>\n\t\t\t\t<\/div>\n\t\t\t\t\t<\/div>\n\t\t<\/div>\n\t\t\t\t\t<\/div>\n\t\t<\/section>\n\t\t\t\t<\/div>\n\t\t","protected":false},"excerpt":{"rendered":"<p>Escudo El escudo representa los grandes ideales que desde un comienzo nos propusimos. Las dos monta\u00f1as laterales, simbolizan a los padres y al colegio (su personal y estructura) protegiendo al ni\u00f1o, quien a su vez est\u00e1 representado por la monta\u00f1a [&hellip;]<\/p>\n","protected":false},"author":5,"featured_media":0,"parent":0,"menu_order":0,"comment_status":"closed","ping_status":"closed","template":"page-builder.php","meta":{"_joinchat":[],"footnotes":""},"folder":[],"class_list":["post-524","page","type-page","status-publish","hentry"],"_links":{"self":[{"href":"https:\/\/www.clermont.edu.co\/index.php\/wp-json\/wp\/v2\/pages\/524","targetHints":{"allow":["GET"]}}],"collection":[{"href":"https:\/\/www.clermont.edu.co\/index.php\/wp-json\/wp\/v2\/pages"}],"about":[{"href":"https:\/\/www.clermont.edu.co\/index.php\/wp-json\/wp\/v2\/types\/page"}],"author":[{"embeddable":true,"href":"https:\/\/www.clermont.edu.co\/index.php\/wp-json\/wp\/v2\/users\/5"}],"replies":[{"embeddable":true,"href":"https:\/\/www.clermont.edu.co\/index.php\/wp-json\/wp\/v2\/comments?post=524"}],"version-history":[{"count":61,"href":"https:\/\/www.clermont.edu.co\/index.php\/wp-json\/wp\/v2\/pages\/524\/revisions"}],"predecessor-version":[{"id":4559,"href":"https:\/\/www.clermont.edu.co\/index.php\/wp-json\/wp\/v2\/pages\/524\/revisions\/4559"}],"wp:attachment":[{"href":"https:\/\/www.clermont.edu.co\/index.php\/wp-json\/wp\/v2\/media?parent=524"}],"wp:term":[{"taxonomy":"folder","embeddable":true,"href":"https:\/\/www.clermont.edu.co\/index.php\/wp-json\/wp\/v2\/folder?post=524"}],"curies":[{"name":"wp","href":"https:\/\/api.w.org\/{rel}","templated":true}]}}