{"id":168,"date":"2019-01-07T08:41:18","date_gmt":"2019-01-07T08:41:18","guid":{"rendered":"https:\/\/themesvila.com\/themes-wp\/playstone\/?page_id=168"},"modified":"2025-05-19T15:01:32","modified_gmt":"2025-05-19T20:01:32","slug":"contact","status":"publish","type":"page","link":"https:\/\/www.clermont.edu.co\/index.php\/contact\/","title":{"rendered":"Contact"},"content":{"rendered":"\t\t<div data-elementor-type=\"wp-post\" data-elementor-id=\"168\" class=\"elementor elementor-168\">\n\t\t\t\t\t\t<section class=\"elementor-section elementor-top-section elementor-element elementor-element-3528af8 elementor-section-boxed elementor-section-height-default elementor-section-height-default\" data-id=\"3528af8\" data-element_type=\"section\" data-settings=\"{&quot;background_background&quot;:&quot;classic&quot;}\">\n\t\t\t\t\t\t<div class=\"elementor-container elementor-column-gap-default\">\n\t\t\t\t\t<div class=\"elementor-column elementor-col-50 elementor-top-column elementor-element elementor-element-b6cac72\" data-id=\"b6cac72\" data-element_type=\"column\">\n\t\t\t<div class=\"elementor-widget-wrap elementor-element-populated\">\n\t\t\t\t\t\t<div class=\"elementor-element elementor-element-861d580 elementor-align-center elementor-mobile-align-center animated-slow elementor-invisible elementor-widget elementor-widget-button\" data-id=\"861d580\" data-element_type=\"widget\" data-settings=\"{&quot;_animation&quot;:&quot;zoomIn&quot;}\" data-widget_type=\"button.default\">\n\t\t\t\t<div class=\"elementor-widget-container\">\n\t\t\t\t\t\t\t\t\t<div class=\"elementor-button-wrapper\">\n\t\t\t\t\t<a class=\"elementor-button elementor-button-link elementor-size-sm elementor-animation-grow\" href=\"https:\/\/docs.google.com\/forms\/d\/e\/1FAIpQLSd5gmjvNhf7vCIsFWNPKQ2VLu_Xl1D45HdvPAh43DrB8czwlQ\/viewform\">\n\t\t\t\t\t\t<span class=\"elementor-button-content-wrapper\">\n\t\t\t\t\t\t\t\t\t<span class=\"elementor-button-text\">Te contactamos<\/span>\n\t\t\t\t\t<\/span>\n\t\t\t\t\t<\/a>\n\t\t\t\t<\/div>\n\t\t\t\t\t\t\t\t<\/div>\n\t\t\t\t<\/div>\n\t\t\t\t\t<\/div>\n\t\t<\/div>\n\t\t\t\t<div class=\"elementor-column elementor-col-50 elementor-top-column elementor-element elementor-element-19779a5\" data-id=\"19779a5\" data-element_type=\"column\">\n\t\t\t<div class=\"elementor-widget-wrap elementor-element-populated\">\n\t\t\t\t\t\t<div class=\"elementor-element elementor-element-9a4ea80 elementor-align-center animated-slow elementor-invisible elementor-widget elementor-widget-button\" data-id=\"9a4ea80\" data-element_type=\"widget\" data-settings=\"{&quot;_animation&quot;:&quot;zoomIn&quot;}\" data-widget_type=\"button.default\">\n\t\t\t\t<div class=\"elementor-widget-container\">\n\t\t\t\t\t\t\t\t\t<div class=\"elementor-button-wrapper\">\n\t\t\t\t\t<a class=\"elementor-button elementor-button-link elementor-size-sm elementor-animation-grow\" href=\"https:\/\/api.whatsapp.com\/send\/?phone=573124059410&#038;text=Hola+Colegio+Clermont.+Necesito+m%C3%A1s+informaci%C3%B3n%21&#038;type=phone_number&#038;app_absent=0\">\n\t\t\t\t\t\t<span class=\"elementor-button-content-wrapper\">\n\t\t\t\t\t\t\t\t\t<span class=\"elementor-button-text\">Escr\u00edbenos<\/span>\n\t\t\t\t\t<\/span>\n\t\t\t\t\t<\/a>\n\t\t\t\t<\/div>\n\t\t\t\t\t\t\t\t<\/div>\n\t\t\t\t<\/div>\n\t\t\t\t\t<\/div>\n\t\t<\/div>\n\t\t\t\t\t<\/div>\n\t\t<\/section>\n\t\t\t\t<section class=\"elementor-section elementor-top-section elementor-element elementor-element-d030581 elementor-section-boxed elementor-section-height-default elementor-section-height-default\" data-id=\"d030581\" data-element_type=\"section\">\n\t\t\t\t\t\t<div class=\"elementor-container elementor-column-gap-default\">\n\t\t\t\t\t<div class=\"elementor-column elementor-col-50 elementor-top-column elementor-element elementor-element-1439642\" data-id=\"1439642\" data-element_type=\"column\">\n\t\t\t<div class=\"elementor-widget-wrap elementor-element-populated\">\n\t\t\t\t\t\t<div class=\"elementor-element elementor-element-d843a11 elementor-widget elementor-widget-image\" data-id=\"d843a11\" data-element_type=\"widget\" data-widget_type=\"image.default\">\n\t\t\t\t<div class=\"elementor-widget-container\">\n\t\t\t\t\t\t\t\t\t\t\t\t\t\t\t<img fetchpriority=\"high\" decoding=\"async\" width=\"600\" height=\"400\" src=\"https:\/\/www.clermont.edu.co\/wp-content\/uploads\/2025\/05\/WhatsApp-Image-2025-05-16-at-10.57.16-AM-600x400.jpeg\" class=\"attachment-playstone_image_600_400 size-playstone_image_600_400 wp-image-4279\" alt=\"\" \/>\t\t\t\t\t\t\t\t\t\t\t\t\t\t\t<\/div>\n\t\t\t\t<\/div>\n\t\t\t\t<div class=\"elementor-element elementor-element-4bd0b31 elementor-widget elementor-widget-playstone-contact-info\" data-id=\"4bd0b31\" data-element_type=\"widget\" data-widget_type=\"playstone-contact-info.default\">\n\t\t\t\t<div class=\"elementor-widget-container\">\n\t\t\t\t\t\t\t\r\n\t\t<div class=\"single-address text-center\">\r\n\t\t\t<i class=\"fa fa-rocket\"><\/i>\r\n\t\t\t<h4>Direcci\u00f3n<\/h4>\r\n\t\t\t<p>Transversal 80 # 213 A -17 V\u00eda Arrayannes<\/p>\t\t<\/div>\t\t\r\n\r\n\t\t\t\t\t<\/div>\n\t\t\t\t<\/div>\n\t\t\t\t\t<\/div>\n\t\t<\/div>\n\t\t\t\t<div class=\"elementor-column elementor-col-50 elementor-top-column elementor-element elementor-element-805fd15\" data-id=\"805fd15\" data-element_type=\"column\">\n\t\t\t<div class=\"elementor-widget-wrap elementor-element-populated\">\n\t\t\t\t\t\t<div class=\"elementor-element elementor-element-8dc80b4 elementor-widget elementor-widget-playstone-contact-info\" data-id=\"8dc80b4\" data-element_type=\"widget\" data-widget_type=\"playstone-contact-info.default\">\n\t\t\t\t<div class=\"elementor-widget-container\">\n\t\t\t\t\t\t\t\r\n\t\t<div class=\"single-address text-center\">\r\n\t\t\t<i class=\"fa fa-envelope\"><\/i>\r\n\t\t\t<h4>Env\u00edanos Un Mensaje<\/h4>\r\n\t\t\t<p>admisiones@clermont.edu.co<\/p><p>info@clermont.edu.co<\/p>\t\t<\/div>\t\t\r\n\r\n\t\t\t\t\t<\/div>\n\t\t\t\t<\/div>\n\t\t\t\t<div class=\"elementor-element elementor-element-f8a4312 elementor-widget elementor-widget-playstone-contact-info\" data-id=\"f8a4312\" data-element_type=\"widget\" data-widget_type=\"playstone-contact-info.default\">\n\t\t\t\t<div class=\"elementor-widget-container\">\n\t\t\t\t\t\t\t\r\n\t\t<div class=\"single-address text-center\">\r\n\t\t\t<i class=\"fa fa-phone\"><\/i>\r\n\t\t\t<h4>Ll\u00e1manos<\/h4>\r\n\t\t\t<p>(+57)\u00a0<strong>312 405 9410<\/strong><\/p>\t\t<\/div>\t\t\r\n\r\n\t\t\t\t\t<\/div>\n\t\t\t\t<\/div>\n\t\t\t\t<div class=\"elementor-element elementor-element-ce05985 elementor-widget elementor-widget-playstone-contact-info\" data-id=\"ce05985\" data-element_type=\"widget\" data-widget_type=\"playstone-contact-info.default\">\n\t\t\t\t<div class=\"elementor-widget-container\">\n\t\t\t\t\t\t\t\r\n\t\t<div class=\"single-address text-center\">\r\n\t\t\t<i class=\"fa fa-clock-o\"><\/i>\r\n\t\t\t<h4>Horario De Atenci\u00f3n<\/h4>\r\n\t\t\t<p>Lun - Vie: 08:00 AM -\u00a0 3:00 PM<\/p>\t\t<\/div>\t\t\r\n\r\n\t\t\t\t\t<\/div>\n\t\t\t\t<\/div>\n\t\t\t\t\t<\/div>\n\t\t<\/div>\n\t\t\t\t\t<\/div>\n\t\t<\/section>\n\t\t\t\t<section class=\"elementor-section elementor-top-section elementor-element elementor-element-65d931d elementor-section-boxed elementor-section-height-default elementor-section-height-default\" data-id=\"65d931d\" data-element_type=\"section\">\n\t\t\t\t\t\t<div class=\"elementor-container elementor-column-gap-default\">\n\t\t\t\t\t<div class=\"elementor-column elementor-col-100 elementor-top-column elementor-element elementor-element-2f92058\" data-id=\"2f92058\" data-element_type=\"column\">\n\t\t\t<div class=\"elementor-widget-wrap elementor-element-populated\">\n\t\t\t\t\t\t<div class=\"elementor-element elementor-element-b95adc8 elementor-widget elementor-widget-playstone-contact\" data-id=\"b95adc8\" data-element_type=\"widget\" data-widget_type=\"playstone-contact.default\">\n\t\t\t\t<div class=\"elementor-widget-container\">\n\t\t\t\t\t\t\t\n\t\t<!-- START CONTACT FORM -->\n\t\t<section  id=\"contact\" class=\"contact_form section-padding\" >\n\t\t\t<div class=\"container\">\t\t\t\n\t\t\t\t<div class=\"row\">\n\t\t\t\t\t<div class=\"col-md-12\">\n\t\t\t\t\t\t<div class=\"section-title text-center\">\n\t\t\t\t\t\t\t<h2>Cont\u00e1ctanos<\/h2>\n\t\t\t\t\t\t\t<span><\/span>\n\t\t\t\t\t\t\t<p><h3>Puedes escribirnos al correo:<\/h3><h2>info@clermont.edu.co<\/h4> <br><\/p>\n\t\t\t\t\t\t\t\n\t\t\t\t\t\t<\/div>\n\t\t\t\t\t<\/div>\n\t\t\t\t<\/div>\t\t\t\t\t\t\n\t\t\t\t<div class=\"row\">\n\t\t\t\t\t<div class=\"col-md-10 col-md-offset-1 col-sm-12 col-xs-12\">\n\t\t\t\t\t\t<div class=\"contact\">\n\t\t\t\t\t\t\t<div id=\"contact-form\">\n\t\t\t\t\t\t\t\t\t\t\t\t\t\t\t<\/div>\n\t\t\t\t\t\t<\/div>\t\t\t\t\t\t\n\t\t\t\t\t<\/div><!-- END COL  -->\t\t\t\n\t\t\t\t<\/div><!--END  ROW  -->\n\t\t\t<\/div><!--- END CONTAINER -->\n\t\t<\/section>\n\t\t<!-- END CONTACT FORM -->\t\n\t\t\t\t\t<\/div>\n\t\t\t\t<\/div>\n\t\t\t\t\t<\/div>\n\t\t<\/div>\n\t\t\t\t\t<\/div>\n\t\t<\/section>\n\t\t\t\t<section class=\"elementor-section elementor-top-section elementor-element elementor-element-1b3207f elementor-section-full_width elementor-section-height-default elementor-section-height-default\" data-id=\"1b3207f\" data-element_type=\"section\">\n\t\t\t\t\t\t<div class=\"elementor-container elementor-column-gap-no\">\n\t\t\t\t\t<div class=\"elementor-column elementor-col-100 elementor-top-column elementor-element elementor-element-684ad7d\" data-id=\"684ad7d\" data-element_type=\"column\">\n\t\t\t<div class=\"elementor-widget-wrap elementor-element-populated\">\n\t\t\t\t\t\t<div class=\"elementor-element elementor-element-7ecc7d2 elementor-widget elementor-widget-text-editor\" data-id=\"7ecc7d2\" data-element_type=\"widget\" data-widget_type=\"text-editor.default\">\n\t\t\t\t<div class=\"elementor-widget-container\">\n\t\t\t\t\t\t\t\t\t<div class=\"map\"><iframe style=\"border: 0;\" src=\"https:\/\/www.google.com\/maps\/embed?pb=!1m18!1m12!1m3!1d31806.827131029062!2d-74.07553188004677!3d4.795205142165912!2m3!1f0!2f0!3f0!3m2!1i1024!2i768!4f13.1!3m3!1m2!1s0x8e3f8671bfcc15dd%3A0x830709d70013cb91!2sColegio%20Biling%C3%BCe%20Clermont!5e0!3m2!1ses!2sco!4v1636745139213!5m2!1ses!2sco\" height=\"400\" allowfullscreen=\"allowfullscreen\"><\/iframe><\/div>\t\t\t\t\t\t\t\t<\/div>\n\t\t\t\t<\/div>\n\t\t\t\t\t<\/div>\n\t\t<\/div>\n\t\t\t\t\t<\/div>\n\t\t<\/section>\n\t\t\t\t<\/div>\n\t\t","protected":false},"excerpt":{"rendered":"<p>Te contactamos Escr\u00edbenos Direcci\u00f3n Transversal 80 # 213 A -17 V\u00eda Arrayannes Env\u00edanos Un Mensaje admisiones@clermont.edu.co info@clermont.edu.co Ll\u00e1manos (+57)\u00a0312 405 9410 Horario De Atenci\u00f3n Lun &#8211; Vie: 08:00 AM &#8211;\u00a0 3:00 PM Cont\u00e1ctanos Puedes escribirnos al correo: info@clermont.edu.co<\/p>\n","protected":false},"author":5,"featured_media":0,"parent":0,"menu_order":0,"comment_status":"closed","ping_status":"closed","template":"page-builder.php","meta":{"_joinchat":[],"footnotes":""},"folder":[],"class_list":["post-168","page","type-page","status-publish","hentry"],"_links":{"self":[{"href":"https:\/\/www.clermont.edu.co\/index.php\/wp-json\/wp\/v2\/pages\/168","targetHints":{"allow":["GET"]}}],"collection":[{"href":"https:\/\/www.clermont.edu.co\/index.php\/wp-json\/wp\/v2\/pages"}],"about":[{"href":"https:\/\/www.clermont.edu.co\/index.php\/wp-json\/wp\/v2\/types\/page"}],"author":[{"embeddable":true,"href":"https:\/\/www.clermont.edu.co\/index.php\/wp-json\/wp\/v2\/users\/5"}],"replies":[{"embeddable":true,"href":"https:\/\/www.clermont.edu.co\/index.php\/wp-json\/wp\/v2\/comments?post=168"}],"version-history":[{"count":15,"href":"https:\/\/www.clermont.edu.co\/index.php\/wp-json\/wp\/v2\/pages\/168\/revisions"}],"predecessor-version":[{"id":4287,"href":"https:\/\/www.clermont.edu.co\/index.php\/wp-json\/wp\/v2\/pages\/168\/revisions\/4287"}],"wp:attachment":[{"href":"https:\/\/www.clermont.edu.co\/index.php\/wp-json\/wp\/v2\/media?parent=168"}],"wp:term":[{"taxonomy":"folder","embeddable":true,"href":"https:\/\/www.clermont.edu.co\/index.php\/wp-json\/wp\/v2\/folder?post=168"}],"curies":[{"name":"wp","href":"https:\/\/api.w.org\/{rel}","templated":true}]}}